{"id":18,"date":"2025-12-16T07:43:43","date_gmt":"2025-12-16T06:43:43","guid":{"rendered":"https:\/\/pictonet.de\/testseite\/?page_id=18"},"modified":"2026-01-28T11:46:13","modified_gmt":"2026-01-28T10:46:13","slug":"startseite","status":"publish","type":"page","link":"https:\/\/pictonet.de\/testseite\/","title":{"rendered":"Startseite"},"content":{"rendered":"\n<figure itemscope itemtype=\"https:\/\/schema.org\/ImageObject\">\n\t\t\t\t<img decoding=\"async\" src=\"https:\/\/pictonet.de\/testseite\/wp-content\/uploads\/2026\/01\/image.jpg\" alt=\"image\" height=\"1333\" width=\"2000\" title=\"image\" onerror=\"this.style.display='none'\" loading=\"lazy\" \/>\n\t<\/figure>\n<h1>\n\t\t\tShotokan Karate-Dojo\t<\/h1>\n<h3>\n\t\t\tin L\u00fcchow \/ Wendland\t<\/h3>\n<figure itemscope itemtype=\"https:\/\/schema.org\/ImageObject\">\n\t\t\t\t<img decoding=\"async\" src=\"https:\/\/pictonet.de\/testseite\/wp-content\/uploads\/2025\/12\/image-640x480-1.jpg\" alt=\"image-640x480\" height=\"480\" width=\"640\" title=\"image-640x480\" onerror=\"this.style.display='none'\" loading=\"lazy\" \/>\n\t<\/figure>\n\t\t\t<a href=\"#shotokan\"  target=\"_self\">\n\t\t\t\t\t\t\tShotokan-Karate\n\t\t\t\t\t<\/a>\n\t\t\t<a href=\"#seiiki\"  target=\"_self\">\n\t\t\t\t\t\t\tSeiiki-Gruppe\n\t\t\t\t\t<\/a>\n\t\t\t<a href=\"#aktuell\"  target=\"_self\">\n\t\t\t\t\t\t\tAktuelles\n\t\t\t\t\t<\/a>\n\t\t\t<a href=\"#zeiten\"  target=\"_self\">\n\t\t\t\t\t\t\tTrainingszeiten\n\t\t\t\t\t<\/a>\n\t\t\t<a href=\"#trainer\"  target=\"_self\">\n\t\t\t\t\t\t\tTrainer:innen\n\t\t\t\t\t<\/a>\n\t\t\t<a href=\"#kontakt\"  target=\"_self\">\n\t\t\t\t\t\t\tKontakt\n\t\t\t\t\t<\/a>\n<h1  id=\"shotokan\">\n\t\t\tShotokan-Karate\t<\/h1>\n\t<p>Shotokan Karate begr\u00fcndet<\/p>\n<p>von Gichin FUNAKOSHI<\/p>\n<p>*1869 \u20201957<\/p>\n<p>Shotokan Karate, eine von mehreren Stilrichtungen<\/p>\n<figure itemscope itemtype=\"https:\/\/schema.org\/ImageObject\">\n\t\t\t\t<img decoding=\"async\" src=\"https:\/\/pictonet.de\/testseite\/wp-content\/uploads\/2025\/12\/image.jpg\" alt=\"image\" height=\"197\" width=\"197\" title=\"image\" onerror=\"this.style.display='none'\" loading=\"lazy\" \/>\n\t<\/figure>\n\t<h3>Die 20 Regeln im Shotokan Karate:<\/h3>\n\t\t\t<h3> Karatedo wa rei ni hajimari, rei ni owaru koto wo wasuruna.<\/h3> <p>Vergiss nie: Karate beginnt mit rei und endet mit rei. (rei bedeutet: Respekt, H\u00f6flichkeit)<\/p>\t\t\n\t\t\t<h3> Karate ni sente nashi.<\/h3> <p>Im Karate gibt es kein Zuvorkommen. (Im Karate gibt es keinen ersten Angriff.)<\/p>\t\t\n\t\t\t<h3> Karate wa gi no tasuke.<\/h3> <p>Karate ist ein Helfer der Gerechtigkeit.<\/p>\t\t\n\t\t\t<h3> Mazu jiko wo shire, shikoshite tao wo shire.<\/h3> <p>Erkenne dich selbst zuerst, dann den Anderen.<\/p>\t\t\n\t\t\t<h3> Gijutsu yori shinjutsu.<\/h3> <p>Die Kunst des Geistes kommt vor der Kunst der Technik.<\/p>\t\t\n\t\t\t<h3> Kokoro wa hanatan koto wo yosu.<\/h3> <p>Lerne, deinen Geist zu kontrollieren, und befreie ihn dann von Unn\u00fctzem.<\/p>\t\t\n\t\t\t<h3> Wazawai wa getai ni shozu.<\/h3> <p>Unheil entsteht durch Nachl\u00e4ssigkeit.<\/p>\t\t\n\t\t\t<h3> Dojo nomino karate to omou na.<\/h3> <p>Karate ist nicht nur im Dojo.<\/p>\t\t\n\t\t\t<h3> Karate no shugyo wa issho de aru.<\/h3> <p>Die Ausbildung im Karate umfasst Dein ganzes Leben.<\/p>\t\t\n\t\t\t<h3> Ara-yuru mono wo karate-ka seyo, soko ni myo-mi ari.<\/h3> <p>Verbinde dein allt\u00e4gliches Leben mit Karate, das ist der Zauber der Kunst.<\/p>\t\t\n\t\t\t<h3> Karate wa yu no goto shi taezu natsudo wo ataezareba moto no mizu ni kaeru.<\/h3> <p>Wahres Karate ist wie hei\u00dfes Wasser, das abk\u00fchlt, wenn du es nicht st\u00e4ndig w\u00e4rmst.<\/p>\t\t\n\t\t\t<h3> Katsu kangae wa motsu na makenu kangae wa hitsuyo.<\/h3> <p>Denke nicht ans Gewinnen, doch denke dar\u00fcber nach, wie du nicht verlierst.<\/p>\t\t\n\t\t\t<h3> Teki ni yotte tenka seyo.<\/h3> <p>Wandle dich, abh\u00e4ngig von deinem Gegner.<\/p>\t\t\n\t\t\t<h3> Tatakai wa kyo-jitsu no soju ikan ni ari.<\/h3> <p>Der Kampf h\u00e4ngt von der Handhabung deiner Treffsicherheit ab.<\/p>\t\t\n\t\t\t<h3> Hito no te ashi wo ken to omoe.<\/h3> <p>Stelle dir deine Hand und deinen Fu\u00df als Schwert vor.<\/p>\t\t\n\t\t\t<h3> Danshi mon wo izureba hyakuman no teki ari.<\/h3> <p>Wenn man das Tor der Jugend verl\u00e4sst, hat man viele Gegner.<\/p>\t\t\n\t\t\t<h3> Kamae wa shoshinsha ni ato wa shizentai.<\/h3> <p>Das Einnehmen einer Haltung gibt es beim Einsteiger, sp\u00e4ter gibt es den nat\u00fcrlichen Zustand.<\/p>\t\t\n\t\t\t<h3> Kata wa tadashiku jissen wa betsu mono.<\/h3> <p>\u00dcbe die Kata korrekt, der echte Kampf ist eine andere Angelegenheit.<\/p>\t\t\n\t\t\t<h3> Chikara no kyojaku, karada no shinshuku, waza no kankyu wo wasaruna.<\/h3> <p>Hart und weich, Spannung und Entspannung, langsam und schnell, alles in Verbindung mit der richtigen Atmung.<\/p>\t\t\n\t\t\t<h3> Tsune ni shinen kufu seyo.<\/h3> <p>Denke immer nach und versuche dich st\u00e4ndig am Neuen.<\/p>\t\t\n\t<h1  id=\"seiiki\">\n\t\t\tSeiiki-Gruppe\t<\/h1>\n\t<h3>Karate als Therapie &#8211; wie Karate Kinder mit FASD stark macht.<\/h3>\n<figure itemscope itemtype=\"https:\/\/schema.org\/ImageObject\">\n\t\t\t\t<img decoding=\"async\" src=\"https:\/\/pictonet.de\/testseite\/wp-content\/uploads\/2025\/12\/seiiki.jpg\" alt=\"seiiki\" height=\"681\" width=\"808\" title=\"seiiki\" onerror=\"this.style.display='none'\" loading=\"lazy\" \/>\n\t<\/figure>\n\t<p><strong>Seiiki ist japanisch und bedeutet so viel wie Zuflucht, Schonraum. Dies ist Name und zugleich Leitmotiv f\u00fcr ein besonderes Angebot des Karate Dojo L\u00fcchow.<\/strong><\/p>\n<p>Diese Gruppe richtet sich speziell an Menschen, die aufgrund vorliegender Diagnosen und St\u00f6rungsbilder wie FASD, Autismus, Trauma, ADHS u.\u00e4. ein besonders gesch\u00fctztes Sportangebot ben\u00f6tigen.<\/p>\n<p>Seinen Ursprung hat die Gruppe in einem Karate-Kurs Anfang 2024, der in Kooperation des Karate Dojos L\u00fcchow und dem \u201efasd-Netzwerk in Altmark und Wendland&#8220; angeboten wurde. Der Karate-Kurs wollte Menschen aus dem Spektrum der Fetalen Alkoholspektrumst\u00f6rungen (FASD) und mit \u00e4hnlichen St\u00f6rungsbildern die Chance geben, in einer gesch\u00fctzten, fehlerfreundlichen Atmosph\u00e4re sowohl ein sportliches Gemeinschaftserlebnis und Spa\u00df, als auch St\u00e4rkung von Konzentration und Impulskontrolle zu erfahren.<\/p>\n<p>Im Anschluss an den Kurs und ermutigt durch die positiven Erfahrungen und R\u00fcckmeldungen, bietet das Dojo L\u00fcchow diese Gruppe nun fortlaufend an.<\/p>\n<p>Ein mittlerweile fester Stamm von Teilnehmenden und ein gut aufgestelltes Trainingsteam aus p\u00e4dagogischen Fachkr\u00e4ften mit langj\u00e4hriger Erfahrung im Umgang mit Menschen aus verschiedenen neurodivergenten Spektren, freuen sich auf alle Neuank\u00f6mmlinge.<\/p>\n\t\t\t<a href=\"https:\/\/fasd-fachberatung.de\/\"  target=\"_self\">\n\t\t\t\t\t\t\tFASD-Fachberatung in L\u00fcchow-Dannenberg\n\t\t\t<\/a>\n<h1  id=\"aktuell\">\n\t\t\tAktuelles\t<\/h1>\n<h1  id=\"zeiten\">\n\t\t\tTrainingszeiten\t<\/h1>\n\t<p>Stand: 12.11.2024<\/p>\n\t<h3>Montag<\/h3>\n<ul>\n<li>18.00 &#8211; 19.30 Uhr: <strong>Training Fortgeschrittene<\/strong><br \/>\nmit Withold, Sporthalle ehem. Gymansium (Amtsfreiheit 7, L\u00fcchow)<\/li>\n<li>19.30 &#8211; 21.00 Uhr: <strong>Sound Karate<\/strong><br \/>\nmit Withold, Sporthalle ehem. Gymansium (Amtsfreiheit 7, L\u00fcchow)<\/li>\n<\/ul>\n\t<h3>Dienstag<\/h3>\n<ul>\n<li>16.00 &#8211; 17.00 Uhr: <strong>Training Seiiki<\/strong><br \/>\nmit Withold, Sporthalle ehem. Gymansium (Amtsfreiheit 7, L\u00fcchow)<\/li>\n<li>17.00 &#8211; 18.00 Uhr: <strong>Training \u00c4nf\u00e4nger*<\/strong><br \/>\nmit David, Sporthalle ehem. Gymansium (Amtsfreiheit 7, L\u00fcchow)<\/li>\n<li>18.00 &#8211; 19.00 Uhr: <strong>Train the Trainers<\/strong><br \/>\nmit Withold, Sporthalle ehem. Gymansium (Amtsfreiheit 7, L\u00fcchow)<\/li>\n<\/ul>\n<p>* Neuanmeldungen nur zu Beginn eines neuen Schuljahres m\u00f6glich.<\/p>\n\t<h3>Donnerstag<\/h3>\n<ul>\n<li>18.00 &#8211; 19.00 Uhr: <strong>Karate Fortgeschrittene 1<\/strong><br \/>\nmit Benjamin &amp; Withold, Sporthalle Grundschule (K\u00f6nigshorster Weg, L\u00fcchow)<\/li>\n<li>19.00 &#8211; 20.30 Uhr: <strong>Freies Training<\/strong><br \/>\nmit Withold, Sporthalle Grundschule (K\u00f6nigshorster Weg, L\u00fcchow)<\/li>\n<\/ul>\n<h1  id=\"trainer\">\n\t\t\tTRAINER:INNEN\t<\/h1>\n<figure itemscope itemtype=\"https:\/\/schema.org\/ImageObject\">\n\t\t\t\t<img decoding=\"async\" src=\"https:\/\/pictonet.de\/testseite\/wp-content\/uploads\/2025\/12\/dan.jpg\" alt=\"dan\" height=\"386\" width=\"386\" title=\"dan\" onerror=\"this.style.display='none'\" loading=\"lazy\" \/>\n\t<\/figure>\n\t<p><strong>Withold Glinkowski<\/strong><\/p>\n<p>4. Dan<\/p>\n<p>Trainer der Karate-Abteilung des SC L\u00fcchow<\/p>\n<figure itemscope itemtype=\"https:\/\/schema.org\/ImageObject\">\n\t\t\t\t<img decoding=\"async\" src=\"https:\/\/pictonet.de\/testseite\/wp-content\/uploads\/2025\/12\/trainer3.jpg\" alt=\"trainer3\" height=\"493\" width=\"493\" title=\"trainer3\" onerror=\"this.style.display='none'\" loading=\"lazy\" \/>\n\t<\/figure>\n\t<p><strong>David Schulz<\/strong><\/p>\n<p>1. Kyu<\/p>\n<p>Co &#8211; Trainer<\/p>\n<figure itemscope itemtype=\"https:\/\/schema.org\/ImageObject\">\n\t\t\t\t<img decoding=\"async\" src=\"https:\/\/pictonet.de\/testseite\/wp-content\/uploads\/2025\/12\/image-320x487-1.jpg\" alt=\"image-320x487\" height=\"283\" width=\"283\" title=\"image-320x487\" onerror=\"this.style.display='none'\" loading=\"lazy\" \/>\n\t<\/figure>\n\t<p><strong>Benjamin Schoof<\/strong><\/p>\n<p>2. Dan<\/p>\n<p>Co &#8211; Trainer<\/p>\n<figure itemscope itemtype=\"https:\/\/schema.org\/ImageObject\">\n\t\t\t\t<img decoding=\"async\" src=\"https:\/\/pictonet.de\/testseite\/wp-content\/uploads\/2025\/12\/lena.jpg\" alt=\"lena\" height=\"246\" width=\"246\" title=\"lena\" onerror=\"this.style.display='none'\" loading=\"lazy\" \/>\n\t<\/figure>\n\t<p><strong>Lena Heitmann<\/strong><\/p>\n<p>3. Kyu<\/p>\n<p>Assistenz &#8211; Trainer<\/p>\n<figure itemscope itemtype=\"https:\/\/schema.org\/ImageObject\">\n\t\t\t\t<img decoding=\"async\" src=\"https:\/\/pictonet.de\/testseite\/wp-content\/uploads\/2025\/12\/seiiki.jpg\" alt=\"seiiki\" height=\"681\" width=\"808\" title=\"seiiki\" onerror=\"this.style.display='none'\" loading=\"lazy\" \/>\n\t<\/figure>\n\t<p><strong>Seiiki-Team<\/strong><\/p>\n<h1  id=\"kontakt\">\n\t\t\tKontakt\t<\/h1>\n\t<p>Du hast Lust auf Karate? Nimm Kontakt zu uns auf!<\/p>\n<p>Ansprechparter: Withold Glingowski, Tel. 05841-973158<\/p>\n\t<h6>Impressum \/ Datenschutzerkl\u00e4rung<\/h6>\n\n","protected":false},"excerpt":{"rendered":"<p>Shotokan Karate-Dojo in L\u00fcchow \/ Wendland Shotokan-Karate Seiiki-Gruppe Aktuelles Trainingszeiten Trainer:innen Kontakt Shotokan-Karate Shotokan Karate begr\u00fcndet von Gichin FUNAKOSHI *1869 \u20201957 Shotokan Karate, eine von mehreren Stilrichtungen Die 20 Regeln im Shotokan Karate: Karatedo wa rei ni hajimari, rei ni owaru koto wo wasuruna. Vergiss nie: Karate beginnt mit rei und endet mit rei. (rei&hellip;<\/p>\n","protected":false},"author":1,"featured_media":0,"parent":0,"menu_order":0,"comment_status":"closed","ping_status":"closed","template":"","meta":{"footnotes":""},"class_list":["post-18","page","type-page","status-publish","hentry"],"_links":{"self":[{"href":"https:\/\/pictonet.de\/testseite\/wp-json\/wp\/v2\/pages\/18","targetHints":{"allow":["GET"]}}],"collection":[{"href":"https:\/\/pictonet.de\/testseite\/wp-json\/wp\/v2\/pages"}],"about":[{"href":"https:\/\/pictonet.de\/testseite\/wp-json\/wp\/v2\/types\/page"}],"author":[{"embeddable":true,"href":"https:\/\/pictonet.de\/testseite\/wp-json\/wp\/v2\/users\/1"}],"replies":[{"embeddable":true,"href":"https:\/\/pictonet.de\/testseite\/wp-json\/wp\/v2\/comments?post=18"}],"version-history":[{"count":11,"href":"https:\/\/pictonet.de\/testseite\/wp-json\/wp\/v2\/pages\/18\/revisions"}],"predecessor-version":[{"id":129,"href":"https:\/\/pictonet.de\/testseite\/wp-json\/wp\/v2\/pages\/18\/revisions\/129"}],"wp:attachment":[{"href":"https:\/\/pictonet.de\/testseite\/wp-json\/wp\/v2\/media?parent=18"}],"curies":[{"name":"wp","href":"https:\/\/api.w.org\/{rel}","templated":true}]}}